{"id":769,"date":"2025-05-04T10:30:10","date_gmt":"2025-05-04T08:30:10","guid":{"rendered":"https:\/\/www.espoirdataraxia.com\/?page_id=769"},"modified":"2025-05-04T10:32:46","modified_gmt":"2025-05-04T08:32:46","slug":"presentation","status":"publish","type":"page","link":"https:\/\/www.espoirdataraxia.com\/","title":{"rendered":"Pr\u00e9sentation"},"content":{"rendered":"\n<div class=\"wp-block-query is-layout-flow wp-block-query-is-layout-flow\">\n<div class=\"wp-block-group\"><div class=\"wp-block-group__inner-container is-layout-constrained wp-block-group-is-layout-constrained\">\n<div class=\"wp-block-columns is-layout-flex wp-container-core-columns-is-layout-28f84493 wp-block-columns-is-layout-flex\">\n<div class=\"wp-block-column is-layout-flow wp-block-column-is-layout-flow\">\n<h2 class=\"wp-block-heading\"><strong><mark style=\"background-color:rgba(0, 0, 0, 0)\" class=\"has-inline-color has-vivid-purple-color\">Pourquoi Ataraxia ?<\/mark><\/strong><\/h2>\n\n\n\n<p>C\u2019est une question qui m&rsquo;est souvent pos\u00e9e.<\/p>\n\n\n\n<p>Tr\u00e8s simplement pour parce que la phon\u00e9tique et d\u00e9finition du mot me plaisent.<\/p>\n\n\n\n<p>L&rsquo;ataraxie d\u00e9signe la tranquillit\u00e9 de l&rsquo;\u0092\u00e2me ou encore la paix de l\u2019esprit.<\/p>\n<\/div>\n\n\n\n<div class=\"wp-block-column is-layout-flow wp-block-column-is-layout-flow\">\n<h2 class=\"wp-block-heading\"><strong><mark style=\"background-color:rgba(0, 0, 0, 0)\" class=\"has-inline-color has-vivid-purple-color\">Quelques pr\u00e9cisions :<\/mark><\/strong><\/h2>\n\n\n\n<p>Pour ceux qui sont venu sur mon stand en convention, je ne peux pas me permettre d&rsquo;amener l&rsquo;int\u00e9gralit\u00e9 de mon stock et donc de d\u00e9pareiller les bouchons. D&rsquo;o\u00f9 la diff\u00e9rence de tarif par rapport \u00e0 la boutique du site, les bouchons \u00e9tant d\u00e9taill\u00e9s \u00e0 part.<\/p>\n\n\n\n<p>La boutique ne fonctionne pas volontairement. Elle vous permet de voir les mod\u00e8les et les tarifs \u00e0 titre indicatif. Chaque commande \u00e9tant personnalisable, couleur de l&rsquo;impression, taille, frais de port \u00e9ventuel etc&#8230;<\/p>\n\n\n\n<p>Merci de me contacter par mail ou par t\u00e9l\u00e9phone pour toute commande.<\/p>\n\n\n\n<p>Bonne visite et \u00e0 bient\u00f4t<\/p>\n<\/div>\n<\/div>\n<\/div><\/div>\n<\/div>\n\n\n\n<p><\/p>\n","protected":false},"excerpt":{"rendered":"","protected":false},"author":1,"featured_media":0,"parent":0,"menu_order":0,"comment_status":"closed","ping_status":"closed","template":"","meta":{"footnotes":""},"class_list":["post-769","page","type-page","status-publish","hentry"],"_links":{"self":[{"href":"https:\/\/www.espoirdataraxia.com\/index.php?rest_route=\/wp\/v2\/pages\/769","targetHints":{"allow":["GET"]}}],"collection":[{"href":"https:\/\/www.espoirdataraxia.com\/index.php?rest_route=\/wp\/v2\/pages"}],"about":[{"href":"https:\/\/www.espoirdataraxia.com\/index.php?rest_route=\/wp\/v2\/types\/page"}],"author":[{"embeddable":true,"href":"https:\/\/www.espoirdataraxia.com\/index.php?rest_route=\/wp\/v2\/users\/1"}],"replies":[{"embeddable":true,"href":"https:\/\/www.espoirdataraxia.com\/index.php?rest_route=%2Fwp%2Fv2%2Fcomments&post=769"}],"version-history":[{"count":2,"href":"https:\/\/www.espoirdataraxia.com\/index.php?rest_route=\/wp\/v2\/pages\/769\/revisions"}],"predecessor-version":[{"id":772,"href":"https:\/\/www.espoirdataraxia.com\/index.php?rest_route=\/wp\/v2\/pages\/769\/revisions\/772"}],"wp:attachment":[{"href":"https:\/\/www.espoirdataraxia.com\/index.php?rest_route=%2Fwp%2Fv2%2Fmedia&parent=769"}],"curies":[{"name":"wp","href":"https:\/\/api.w.org\/{rel}","templated":true}]}}