{"id":118,"date":"2024-08-10T14:29:47","date_gmt":"2024-08-10T12:29:47","guid":{"rendered":"https:\/\/www.espoirdataraxia.com\/?post_type=product&#038;p=118"},"modified":"2024-08-10T18:27:22","modified_gmt":"2024-08-10T16:27:22","slug":"boite-a-des-artificier","status":"publish","type":"product","link":"https:\/\/www.espoirdataraxia.com\/?product=boite-a-des-artificier","title":{"rendered":"Artificier &#8211; Boite \u00e0 D\u00e9s"},"content":{"rendered":"<p>Boite \u00e0 d\u00e9s \/ Dice box &#8211; Artificier<\/p>\n<p>Le chapeau pr\u00e9sent dans la galerie photo sert uniquement \u00e0 des fins de pr\u00e9sentation visuelle, il n&rsquo;est pas fournis avec la chope ou boite \u00e0 d\u00e9s.<\/p>\n<p>Options possible :<\/p>\n<ul>\n<li>chapeau Artificier classic<\/li>\n<li>chapeau Artificier Empilable \/ Dock permettant d&rsquo;utiliser la boite \u00e0 d\u00e9s \u00ab\u00a0Automaton\u00a0\u00bb en socle.<\/li>\n<\/ul>\n","protected":false},"excerpt":{"rendered":"<p>Boite \u00e0 d\u00e9s \/ Dice box &#8211; Artificier Le chapeau pr\u00e9sent dans la galerie photo sert uniquement \u00e0 des fins de pr\u00e9sentation visuelle, il n&rsquo;est pas fournis avec la chope ou boite \u00e0 d\u00e9s. Options possible : chapeau Artificier classic chapeau Artificier Empilable \/ Dock permettant d&rsquo;utiliser la boite \u00e0 d\u00e9s \u00ab\u00a0Automaton\u00a0\u00bb en socle.<\/p>\n","protected":false},"featured_media":120,"template":"","meta":[],"product_cat":[21],"product_tag":[39,26,36,37],"class_list":{"0":"post-118","1":"product","2":"type-product","3":"status-publish","4":"has-post-thumbnail","6":"product_cat-boite-a-des","7":"product_tag-artificer","8":"product_tag-artificier","9":"product_tag-boite-a-des","10":"product_tag-dice-box","12":"first","13":"instock","14":"shipping-taxable","15":"purchasable","16":"product-type-simple"},"_links":{"self":[{"href":"https:\/\/www.espoirdataraxia.com\/index.php?rest_route=\/wp\/v2\/product\/118","targetHints":{"allow":["GET"]}}],"collection":[{"href":"https:\/\/www.espoirdataraxia.com\/index.php?rest_route=\/wp\/v2\/product"}],"about":[{"href":"https:\/\/www.espoirdataraxia.com\/index.php?rest_route=\/wp\/v2\/types\/product"}],"wp:featuredmedia":[{"embeddable":true,"href":"https:\/\/www.espoirdataraxia.com\/index.php?rest_route=\/wp\/v2\/media\/120"}],"wp:attachment":[{"href":"https:\/\/www.espoirdataraxia.com\/index.php?rest_route=%2Fwp%2Fv2%2Fmedia&parent=118"}],"wp:term":[{"taxonomy":"product_cat","embeddable":true,"href":"https:\/\/www.espoirdataraxia.com\/index.php?rest_route=%2Fwp%2Fv2%2Fproduct_cat&post=118"},{"taxonomy":"product_tag","embeddable":true,"href":"https:\/\/www.espoirdataraxia.com\/index.php?rest_route=%2Fwp%2Fv2%2Fproduct_tag&post=118"}],"curies":[{"name":"wp","href":"https:\/\/api.w.org\/{rel}","templated":true}]}}