{"id":128,"date":"2024-08-10T14:47:59","date_gmt":"2024-08-10T12:47:59","guid":{"rendered":"https:\/\/www.espoirdataraxia.com\/?post_type=product&#038;p=128"},"modified":"2024-08-10T18:26:21","modified_gmt":"2024-08-10T16:26:21","slug":"barbare-boite-a-des","status":"publish","type":"product","link":"https:\/\/www.espoirdataraxia.com\/?product=barbare-boite-a-des","title":{"rendered":"Barbare &#8211; Boite \u00e0 d\u00e9s"},"content":{"rendered":"<p>Boite \u00e0 d\u00e9s Barbare \/ Dice Box Barbarian<\/p>\n<p>Le chapeau pr\u00e9sent dans la galerie photo sert uniquement \u00e0 des fins de pr\u00e9sentation visuelle, il n&rsquo;est pas fournis avec la chope ou boite \u00e0 d\u00e9s.<\/p>\n","protected":false},"excerpt":{"rendered":"<p>Boite \u00e0 d\u00e9s Barbare \/ Dice Box Barbarian Le chapeau pr\u00e9sent dans la galerie photo sert uniquement \u00e0 des fins de pr\u00e9sentation visuelle, il n&rsquo;est pas fournis avec la chope ou boite \u00e0 d\u00e9s.<\/p>\n","protected":false},"featured_media":129,"template":"","meta":[],"product_cat":[21],"product_tag":[24,25,36,37],"class_list":{"0":"post-128","1":"product","2":"type-product","3":"status-publish","4":"has-post-thumbnail","6":"product_cat-boite-a-des","7":"product_tag-barbare","8":"product_tag-barbarian","9":"product_tag-boite-a-des","10":"product_tag-dice-box","12":"first","13":"instock","14":"shipping-taxable","15":"purchasable","16":"product-type-simple"},"_links":{"self":[{"href":"https:\/\/www.espoirdataraxia.com\/index.php?rest_route=\/wp\/v2\/product\/128","targetHints":{"allow":["GET"]}}],"collection":[{"href":"https:\/\/www.espoirdataraxia.com\/index.php?rest_route=\/wp\/v2\/product"}],"about":[{"href":"https:\/\/www.espoirdataraxia.com\/index.php?rest_route=\/wp\/v2\/types\/product"}],"wp:featuredmedia":[{"embeddable":true,"href":"https:\/\/www.espoirdataraxia.com\/index.php?rest_route=\/wp\/v2\/media\/129"}],"wp:attachment":[{"href":"https:\/\/www.espoirdataraxia.com\/index.php?rest_route=%2Fwp%2Fv2%2Fmedia&parent=128"}],"wp:term":[{"taxonomy":"product_cat","embeddable":true,"href":"https:\/\/www.espoirdataraxia.com\/index.php?rest_route=%2Fwp%2Fv2%2Fproduct_cat&post=128"},{"taxonomy":"product_tag","embeddable":true,"href":"https:\/\/www.espoirdataraxia.com\/index.php?rest_route=%2Fwp%2Fv2%2Fproduct_tag&post=128"}],"curies":[{"name":"wp","href":"https:\/\/api.w.org\/{rel}","templated":true}]}}