{"id":138,"date":"2024-08-10T15:58:52","date_gmt":"2024-08-10T13:58:52","guid":{"rendered":"https:\/\/www.espoirdataraxia.com\/?post_type=product&#038;p=138"},"modified":"2024-08-10T18:25:29","modified_gmt":"2024-08-10T16:25:29","slug":"pretre-cleric-boite-a-des","status":"publish","type":"product","link":"https:\/\/www.espoirdataraxia.com\/?product=pretre-cleric-boite-a-des","title":{"rendered":"Pr\u00eatre\/Cleric &#8211; Boite \u00e0 d\u00e9s"},"content":{"rendered":"<p>Boite \u00e0 d\u00e9s Pr\u00eatre \/ Dice Box Cleric<\/p>\n<p>La partie \u00ab\u00a0couvercle\u00a0\u00bb en forme de d\u00f4me est inclut et fait partie de la boite \u00e0 d\u00e9s.<\/p>\n<p>C&rsquo;est le chapeau qui se \u00ab\u00a0visse\u00a0\u00bb dans la boite \u00e0 d\u00e9s qui est en option sur ce mod\u00e8le.<\/p>\n<p>Le chapeau pr\u00e9sent dans la galerie photo sert uniquement \u00e0 des fins de pr\u00e9sentation visuelle, il n&rsquo;est pas fournis avec la chope ou boite \u00e0 d\u00e9s.<\/p>\n","protected":false},"excerpt":{"rendered":"<p>Boite \u00e0 d\u00e9s Pr\u00eatre \/ Dice Box Cleric La partie \u00ab\u00a0couvercle\u00a0\u00bb en forme de d\u00f4me est inclut et fait partie de la boite \u00e0 d\u00e9s. C&rsquo;est le chapeau qui se \u00ab\u00a0visse\u00a0\u00bb dans la boite \u00e0 d\u00e9s qui est en option sur ce mod\u00e8le. Le chapeau pr\u00e9sent dans la galerie photo sert uniquement \u00e0 des fins [&hellip;]<\/p>\n","protected":false},"featured_media":140,"template":"","meta":[],"product_cat":[21],"product_tag":[36,32,37,33],"class_list":{"0":"post-138","1":"product","2":"type-product","3":"status-publish","4":"has-post-thumbnail","6":"product_cat-boite-a-des","7":"product_tag-boite-a-des","8":"product_tag-cleric","9":"product_tag-dice-box","10":"product_tag-pretre","12":"first","13":"instock","14":"shipping-taxable","15":"purchasable","16":"product-type-simple"},"_links":{"self":[{"href":"https:\/\/www.espoirdataraxia.com\/index.php?rest_route=\/wp\/v2\/product\/138","targetHints":{"allow":["GET"]}}],"collection":[{"href":"https:\/\/www.espoirdataraxia.com\/index.php?rest_route=\/wp\/v2\/product"}],"about":[{"href":"https:\/\/www.espoirdataraxia.com\/index.php?rest_route=\/wp\/v2\/types\/product"}],"wp:featuredmedia":[{"embeddable":true,"href":"https:\/\/www.espoirdataraxia.com\/index.php?rest_route=\/wp\/v2\/media\/140"}],"wp:attachment":[{"href":"https:\/\/www.espoirdataraxia.com\/index.php?rest_route=%2Fwp%2Fv2%2Fmedia&parent=138"}],"wp:term":[{"taxonomy":"product_cat","embeddable":true,"href":"https:\/\/www.espoirdataraxia.com\/index.php?rest_route=%2Fwp%2Fv2%2Fproduct_cat&post=138"},{"taxonomy":"product_tag","embeddable":true,"href":"https:\/\/www.espoirdataraxia.com\/index.php?rest_route=%2Fwp%2Fv2%2Fproduct_tag&post=138"}],"curies":[{"name":"wp","href":"https:\/\/api.w.org\/{rel}","templated":true}]}}