{"id":171,"date":"2024-08-10T16:30:55","date_gmt":"2024-08-10T14:30:55","guid":{"rendered":"https:\/\/www.espoirdataraxia.com\/?post_type=product&#038;p=171"},"modified":"2024-08-10T18:23:39","modified_gmt":"2024-08-10T16:23:39","slug":"guerrier-boite-a-des","status":"publish","type":"product","link":"https:\/\/www.espoirdataraxia.com\/?product=guerrier-boite-a-des","title":{"rendered":"Guerrier &#8211; Boite \u00e0 d\u00e9s"},"content":{"rendered":"<p>Boite \u00e0 d\u00e9s Guerrier \/ Dice Box Fighter<\/p>\n<p>Le chapeau pr\u00e9sent dans la galerie photo sert uniquement \u00e0 des fins de pr\u00e9sentation visuelle, il n&rsquo;est pas fournis avec la chope ou boite \u00e0 d\u00e9s.<\/p>\n","protected":false},"excerpt":{"rendered":"<p>Boite \u00e0 d\u00e9s Guerrier \/ Dice Box Fighter Le chapeau pr\u00e9sent dans la galerie photo sert uniquement \u00e0 des fins de pr\u00e9sentation visuelle, il n&rsquo;est pas fournis avec la chope ou boite \u00e0 d\u00e9s.<\/p>\n","protected":false},"featured_media":172,"template":"","meta":[],"product_cat":[21],"product_tag":[36,37,46,45],"class_list":{"0":"post-171","1":"product","2":"type-product","3":"status-publish","4":"has-post-thumbnail","6":"product_cat-boite-a-des","7":"product_tag-boite-a-des","8":"product_tag-dice-box","9":"product_tag-fighter","10":"product_tag-guerrier","12":"first","13":"instock","14":"shipping-taxable","15":"purchasable","16":"product-type-simple"},"_links":{"self":[{"href":"https:\/\/www.espoirdataraxia.com\/index.php?rest_route=\/wp\/v2\/product\/171","targetHints":{"allow":["GET"]}}],"collection":[{"href":"https:\/\/www.espoirdataraxia.com\/index.php?rest_route=\/wp\/v2\/product"}],"about":[{"href":"https:\/\/www.espoirdataraxia.com\/index.php?rest_route=\/wp\/v2\/types\/product"}],"wp:featuredmedia":[{"embeddable":true,"href":"https:\/\/www.espoirdataraxia.com\/index.php?rest_route=\/wp\/v2\/media\/172"}],"wp:attachment":[{"href":"https:\/\/www.espoirdataraxia.com\/index.php?rest_route=%2Fwp%2Fv2%2Fmedia&parent=171"}],"wp:term":[{"taxonomy":"product_cat","embeddable":true,"href":"https:\/\/www.espoirdataraxia.com\/index.php?rest_route=%2Fwp%2Fv2%2Fproduct_cat&post=171"},{"taxonomy":"product_tag","embeddable":true,"href":"https:\/\/www.espoirdataraxia.com\/index.php?rest_route=%2Fwp%2Fv2%2Fproduct_tag&post=171"}],"curies":[{"name":"wp","href":"https:\/\/api.w.org\/{rel}","templated":true}]}}