{"id":188,"date":"2024-08-10T16:41:55","date_gmt":"2024-08-10T14:41:55","guid":{"rendered":"https:\/\/www.espoirdataraxia.com\/?post_type=product&#038;p=188"},"modified":"2024-08-10T18:22:44","modified_gmt":"2024-08-10T16:22:44","slug":"maitre-de-jeux-chope","status":"publish","type":"product","link":"https:\/\/www.espoirdataraxia.com\/?product=maitre-de-jeux-chope","title":{"rendered":"Maitre de Jeux &#8211; Chope"},"content":{"rendered":"<p>Chope Maitre de jeux \/ Mug Game Master pour canette de 50cl (ou 33cl avec adaptateur).<\/p>\n<p>Le chapeau pr\u00e9sent dans la galerie photo sert uniquement \u00e0 des fins de pr\u00e9sentation visuelle, il n&rsquo;est pas fournis avec la chope ou boite \u00e0 d\u00e9s.<\/p>\n","protected":false},"excerpt":{"rendered":"<p>Chope Maitre de jeux \/ Mug Game Master pour canette de 50cl (ou 33cl avec adaptateur). Le chapeau pr\u00e9sent dans la galerie photo sert uniquement \u00e0 des fins de pr\u00e9sentation visuelle, il n&rsquo;est pas fournis avec la chope ou boite \u00e0 d\u00e9s.<\/p>\n","protected":false},"featured_media":189,"template":"","meta":[],"product_cat":[20],"product_tag":[41,23,51,50,22],"class_list":{"0":"post-188","1":"product","2":"type-product","3":"status-publish","4":"has-post-thumbnail","6":"product_cat-chope","7":"product_tag-50cl","8":"product_tag-chope","9":"product_tag-game-master","10":"product_tag-maitre-de-jeux","11":"product_tag-mug","13":"first","14":"instock","15":"shipping-taxable","16":"purchasable","17":"product-type-simple"},"_links":{"self":[{"href":"https:\/\/www.espoirdataraxia.com\/index.php?rest_route=\/wp\/v2\/product\/188","targetHints":{"allow":["GET"]}}],"collection":[{"href":"https:\/\/www.espoirdataraxia.com\/index.php?rest_route=\/wp\/v2\/product"}],"about":[{"href":"https:\/\/www.espoirdataraxia.com\/index.php?rest_route=\/wp\/v2\/types\/product"}],"wp:featuredmedia":[{"embeddable":true,"href":"https:\/\/www.espoirdataraxia.com\/index.php?rest_route=\/wp\/v2\/media\/189"}],"wp:attachment":[{"href":"https:\/\/www.espoirdataraxia.com\/index.php?rest_route=%2Fwp%2Fv2%2Fmedia&parent=188"}],"wp:term":[{"taxonomy":"product_cat","embeddable":true,"href":"https:\/\/www.espoirdataraxia.com\/index.php?rest_route=%2Fwp%2Fv2%2Fproduct_cat&post=188"},{"taxonomy":"product_tag","embeddable":true,"href":"https:\/\/www.espoirdataraxia.com\/index.php?rest_route=%2Fwp%2Fv2%2Fproduct_tag&post=188"}],"curies":[{"name":"wp","href":"https:\/\/api.w.org\/{rel}","templated":true}]}}