{"id":329,"date":"2024-08-10T19:17:41","date_gmt":"2024-08-10T17:17:41","guid":{"rendered":"https:\/\/www.espoirdataraxia.com\/?post_type=product&#038;p=329"},"modified":"2024-08-10T19:18:45","modified_gmt":"2024-08-10T17:18:45","slug":"magicien-boite-a-des","status":"publish","type":"product","link":"https:\/\/www.espoirdataraxia.com\/?product=magicien-boite-a-des","title":{"rendered":"Magicien &#8211; Boite \u00e0 d\u00e9s"},"content":{"rendered":"<p>Boite \u00e0 d\u00e9s Magicien \/ Dice Box Wizard<\/p>\n<p>Le chapeau pr\u00e9sent dans la galerie photo sert uniquement \u00e0 des fins de pr\u00e9sentation visuelle, il n&rsquo;est pas fournis avec la chope ou boite \u00e0 d\u00e9s.<\/p>\n","protected":false},"excerpt":{"rendered":"<p>Boite \u00e0 d\u00e9s Magicien \/ Dice Box Wizard Le chapeau pr\u00e9sent dans la galerie photo sert uniquement \u00e0 des fins de pr\u00e9sentation visuelle, il n&rsquo;est pas fournis avec la chope ou boite \u00e0 d\u00e9s.<\/p>\n","protected":false},"featured_media":321,"template":"","meta":[],"product_cat":[21],"product_tag":[36,37,69,70],"class_list":{"0":"post-329","1":"product","2":"type-product","3":"status-publish","4":"has-post-thumbnail","6":"product_cat-boite-a-des","7":"product_tag-boite-a-des","8":"product_tag-dice-box","9":"product_tag-magicien","10":"product_tag-wizard","12":"first","13":"instock","14":"shipping-taxable","15":"purchasable","16":"product-type-simple"},"_links":{"self":[{"href":"https:\/\/www.espoirdataraxia.com\/index.php?rest_route=\/wp\/v2\/product\/329","targetHints":{"allow":["GET"]}}],"collection":[{"href":"https:\/\/www.espoirdataraxia.com\/index.php?rest_route=\/wp\/v2\/product"}],"about":[{"href":"https:\/\/www.espoirdataraxia.com\/index.php?rest_route=\/wp\/v2\/types\/product"}],"wp:featuredmedia":[{"embeddable":true,"href":"https:\/\/www.espoirdataraxia.com\/index.php?rest_route=\/wp\/v2\/media\/321"}],"wp:attachment":[{"href":"https:\/\/www.espoirdataraxia.com\/index.php?rest_route=%2Fwp%2Fv2%2Fmedia&parent=329"}],"wp:term":[{"taxonomy":"product_cat","embeddable":true,"href":"https:\/\/www.espoirdataraxia.com\/index.php?rest_route=%2Fwp%2Fv2%2Fproduct_cat&post=329"},{"taxonomy":"product_tag","embeddable":true,"href":"https:\/\/www.espoirdataraxia.com\/index.php?rest_route=%2Fwp%2Fv2%2Fproduct_tag&post=329"}],"curies":[{"name":"wp","href":"https:\/\/api.w.org\/{rel}","templated":true}]}}