{"id":339,"date":"2024-08-14T10:27:48","date_gmt":"2024-08-14T08:27:48","guid":{"rendered":"https:\/\/www.espoirdataraxia.com\/?post_type=product&#038;p=339"},"modified":"2024-08-14T10:45:21","modified_gmt":"2024-08-14T08:45:21","slug":"gardien-de-des-bebe-dragon","status":"publish","type":"product","link":"https:\/\/www.espoirdataraxia.com\/?product=gardien-de-des-bebe-dragon","title":{"rendered":"Gardien de d\u00e9s &#8211; B\u00e9b\u00e9 Dragon"},"content":{"rendered":"<p>Chapeau Gardien de d\u00e9s &#8211; B\u00e9b\u00e9 Dragon \/ Dice Guardian Lid &#8211; Baby Dragon<\/p>\n<p>Tous les chapeaux s&rsquo;adaptent sur toutes les chopes &amp; boites \u00e0 d\u00e9s.<\/p>\n","protected":false},"excerpt":{"rendered":"<p>Chapeau Gardien de d\u00e9s &#8211; B\u00e9b\u00e9 Dragon \/ Dice Guardian Lid &#8211; Baby Dragon Tous les chapeaux s&rsquo;adaptent sur toutes les chopes &amp; boites \u00e0 d\u00e9s.<\/p>\n","protected":false},"featured_media":340,"template":"","meta":[],"product_cat":[34],"product_tag":[36,35,23,37,72,22],"class_list":{"0":"post-339","1":"product","2":"type-product","3":"status-publish","4":"has-post-thumbnail","6":"product_cat-chapeau","7":"product_tag-boite-a-des","8":"product_tag-chapeau","9":"product_tag-chope","10":"product_tag-dice-box","11":"product_tag-dragon","12":"product_tag-mug","14":"first","15":"instock","16":"shipping-taxable","17":"purchasable","18":"product-type-simple"},"_links":{"self":[{"href":"https:\/\/www.espoirdataraxia.com\/index.php?rest_route=\/wp\/v2\/product\/339","targetHints":{"allow":["GET"]}}],"collection":[{"href":"https:\/\/www.espoirdataraxia.com\/index.php?rest_route=\/wp\/v2\/product"}],"about":[{"href":"https:\/\/www.espoirdataraxia.com\/index.php?rest_route=\/wp\/v2\/types\/product"}],"wp:featuredmedia":[{"embeddable":true,"href":"https:\/\/www.espoirdataraxia.com\/index.php?rest_route=\/wp\/v2\/media\/340"}],"wp:attachment":[{"href":"https:\/\/www.espoirdataraxia.com\/index.php?rest_route=%2Fwp%2Fv2%2Fmedia&parent=339"}],"wp:term":[{"taxonomy":"product_cat","embeddable":true,"href":"https:\/\/www.espoirdataraxia.com\/index.php?rest_route=%2Fwp%2Fv2%2Fproduct_cat&post=339"},{"taxonomy":"product_tag","embeddable":true,"href":"https:\/\/www.espoirdataraxia.com\/index.php?rest_route=%2Fwp%2Fv2%2Fproduct_tag&post=339"}],"curies":[{"name":"wp","href":"https:\/\/api.w.org\/{rel}","templated":true}]}}