{"id":341,"date":"2024-08-14T10:31:59","date_gmt":"2024-08-14T08:31:59","guid":{"rendered":"https:\/\/www.espoirdataraxia.com\/?post_type=product&#038;p=341"},"modified":"2024-08-14T10:45:00","modified_gmt":"2024-08-14T08:45:00","slug":"gardien-de-des-bebe-phoenix","status":"publish","type":"product","link":"https:\/\/www.espoirdataraxia.com\/?product=gardien-de-des-bebe-phoenix","title":{"rendered":"Gardien de d\u00e9s &#8211; B\u00e9b\u00e9 Phoenix"},"content":{"rendered":"<p>Chapeau Gardien de d\u00e9s &#8211; B\u00e9b\u00e9 Phoenix \/ Dice Guardian Lid &#8211; Baby Phoenix<\/p>\n<p>Tous les chapeaux s&rsquo;adaptent sur toutes les chopes &amp; boites \u00e0 d\u00e9s.<\/p>\n","protected":false},"excerpt":{"rendered":"<p>Chapeau Gardien de d\u00e9s &#8211; B\u00e9b\u00e9 Phoenix \/ Dice Guardian Lid &#8211; Baby Phoenix Tous les chapeaux s&rsquo;adaptent sur toutes les chopes &amp; boites \u00e0 d\u00e9s.<\/p>\n","protected":false},"featured_media":342,"template":"","meta":[],"product_cat":[34],"product_tag":[36,35,23,37,22,73],"class_list":{"0":"post-341","1":"product","2":"type-product","3":"status-publish","4":"has-post-thumbnail","6":"product_cat-chapeau","7":"product_tag-boite-a-des","8":"product_tag-chapeau","9":"product_tag-chope","10":"product_tag-dice-box","11":"product_tag-mug","12":"product_tag-phoenix","14":"first","15":"instock","16":"shipping-taxable","17":"purchasable","18":"product-type-simple"},"_links":{"self":[{"href":"https:\/\/www.espoirdataraxia.com\/index.php?rest_route=\/wp\/v2\/product\/341","targetHints":{"allow":["GET"]}}],"collection":[{"href":"https:\/\/www.espoirdataraxia.com\/index.php?rest_route=\/wp\/v2\/product"}],"about":[{"href":"https:\/\/www.espoirdataraxia.com\/index.php?rest_route=\/wp\/v2\/types\/product"}],"wp:featuredmedia":[{"embeddable":true,"href":"https:\/\/www.espoirdataraxia.com\/index.php?rest_route=\/wp\/v2\/media\/342"}],"wp:attachment":[{"href":"https:\/\/www.espoirdataraxia.com\/index.php?rest_route=%2Fwp%2Fv2%2Fmedia&parent=341"}],"wp:term":[{"taxonomy":"product_cat","embeddable":true,"href":"https:\/\/www.espoirdataraxia.com\/index.php?rest_route=%2Fwp%2Fv2%2Fproduct_cat&post=341"},{"taxonomy":"product_tag","embeddable":true,"href":"https:\/\/www.espoirdataraxia.com\/index.php?rest_route=%2Fwp%2Fv2%2Fproduct_tag&post=341"}],"curies":[{"name":"wp","href":"https:\/\/api.w.org\/{rel}","templated":true}]}}