{"id":389,"date":"2024-08-19T13:39:45","date_gmt":"2024-08-19T11:39:45","guid":{"rendered":"https:\/\/www.espoirdataraxia.com\/?post_type=product&#038;p=389"},"modified":"2024-08-19T13:45:17","modified_gmt":"2024-08-19T11:45:17","slug":"dragon-chapeau","status":"publish","type":"product","link":"https:\/\/www.espoirdataraxia.com\/?product=dragon-chapeau","title":{"rendered":"Dragon &#8211; Chapeau"},"content":{"rendered":"<p>Chapeau Dragon \/ Dragon Lid<\/p>\n<p>Existe en 2 mod\u00e8les : Avec ou Sans la craquelure sur le d\u00f4me de l\u2019\u0153uf de dragon<\/p>\n<p>Tous les chapeaux s&rsquo;adaptent sur toutes les chopes &amp; boites \u00e0 d\u00e9s.<\/p>\n","protected":false},"excerpt":{"rendered":"<p>Chapeau Dragon \/ Dragon Lid Existe en 2 mod\u00e8les : Avec ou Sans la craquelure sur le d\u00f4me de l\u2019\u0153uf de dragon Tous les chapeaux s&rsquo;adaptent sur toutes les chopes &amp; boites \u00e0 d\u00e9s.<\/p>\n","protected":false},"featured_media":383,"template":"","meta":[],"product_cat":[34],"product_tag":[36,35,23,37,72,22],"class_list":{"0":"post-389","1":"product","2":"type-product","3":"status-publish","4":"has-post-thumbnail","6":"product_cat-chapeau","7":"product_tag-boite-a-des","8":"product_tag-chapeau","9":"product_tag-chope","10":"product_tag-dice-box","11":"product_tag-dragon","12":"product_tag-mug","14":"first","15":"instock","16":"shipping-taxable","17":"purchasable","18":"product-type-simple"},"_links":{"self":[{"href":"https:\/\/www.espoirdataraxia.com\/index.php?rest_route=\/wp\/v2\/product\/389","targetHints":{"allow":["GET"]}}],"collection":[{"href":"https:\/\/www.espoirdataraxia.com\/index.php?rest_route=\/wp\/v2\/product"}],"about":[{"href":"https:\/\/www.espoirdataraxia.com\/index.php?rest_route=\/wp\/v2\/types\/product"}],"wp:featuredmedia":[{"embeddable":true,"href":"https:\/\/www.espoirdataraxia.com\/index.php?rest_route=\/wp\/v2\/media\/383"}],"wp:attachment":[{"href":"https:\/\/www.espoirdataraxia.com\/index.php?rest_route=%2Fwp%2Fv2%2Fmedia&parent=389"}],"wp:term":[{"taxonomy":"product_cat","embeddable":true,"href":"https:\/\/www.espoirdataraxia.com\/index.php?rest_route=%2Fwp%2Fv2%2Fproduct_cat&post=389"},{"taxonomy":"product_tag","embeddable":true,"href":"https:\/\/www.espoirdataraxia.com\/index.php?rest_route=%2Fwp%2Fv2%2Fproduct_tag&post=389"}],"curies":[{"name":"wp","href":"https:\/\/api.w.org\/{rel}","templated":true}]}}