{"id":452,"date":"2024-08-19T14:39:04","date_gmt":"2024-08-19T12:39:04","guid":{"rendered":"https:\/\/www.espoirdataraxia.com\/?post_type=product&#038;p=452"},"modified":"2024-08-19T14:46:39","modified_gmt":"2024-08-19T12:46:39","slug":"halfelin-chope","status":"publish","type":"product","link":"https:\/\/www.espoirdataraxia.com\/?product=halfelin-chope","title":{"rendered":"Halfelin &#8211; Chope"},"content":{"rendered":"<p>Chope Halfelin \/ Mug Halfling pour canette de 33cl uniquement.<\/p>\n<p>Le chapeau pr\u00e9sent dans la galerie photo sert uniquement \u00e0 des fins de pr\u00e9sentation visuelle, il n&rsquo;est pas fournis avec la chope ou boite \u00e0 d\u00e9s.<\/p>\n","protected":false},"excerpt":{"rendered":"<p>Chope Halfelin \/ Mug Halfling pour canette de 33cl uniquement. Le chapeau pr\u00e9sent dans la galerie photo sert uniquement \u00e0 des fins de pr\u00e9sentation visuelle, il n&rsquo;est pas fournis avec la chope ou boite \u00e0 d\u00e9s.<\/p>\n","protected":false},"featured_media":456,"template":"","meta":[],"product_cat":[20],"product_tag":[97,23,95,96,22],"class_list":{"0":"post-452","1":"product","2":"type-product","3":"status-publish","4":"has-post-thumbnail","6":"product_cat-chope","7":"product_tag-33cl","8":"product_tag-chope","9":"product_tag-halfelin","10":"product_tag-halfling","11":"product_tag-mug","13":"first","14":"instock","15":"shipping-taxable","16":"purchasable","17":"product-type-simple"},"_links":{"self":[{"href":"https:\/\/www.espoirdataraxia.com\/index.php?rest_route=\/wp\/v2\/product\/452","targetHints":{"allow":["GET"]}}],"collection":[{"href":"https:\/\/www.espoirdataraxia.com\/index.php?rest_route=\/wp\/v2\/product"}],"about":[{"href":"https:\/\/www.espoirdataraxia.com\/index.php?rest_route=\/wp\/v2\/types\/product"}],"wp:featuredmedia":[{"embeddable":true,"href":"https:\/\/www.espoirdataraxia.com\/index.php?rest_route=\/wp\/v2\/media\/456"}],"wp:attachment":[{"href":"https:\/\/www.espoirdataraxia.com\/index.php?rest_route=%2Fwp%2Fv2%2Fmedia&parent=452"}],"wp:term":[{"taxonomy":"product_cat","embeddable":true,"href":"https:\/\/www.espoirdataraxia.com\/index.php?rest_route=%2Fwp%2Fv2%2Fproduct_cat&post=452"},{"taxonomy":"product_tag","embeddable":true,"href":"https:\/\/www.espoirdataraxia.com\/index.php?rest_route=%2Fwp%2Fv2%2Fproduct_tag&post=452"}],"curies":[{"name":"wp","href":"https:\/\/api.w.org\/{rel}","templated":true}]}}