{"id":52,"date":"2024-08-06T20:49:31","date_gmt":"2024-08-06T18:49:31","guid":{"rendered":"https:\/\/www.espoirdataraxia.com\/?post_type=product&#038;p=52"},"modified":"2024-08-08T21:51:48","modified_gmt":"2024-08-08T19:51:48","slug":"deserts-kiss-diorama","status":"publish","type":"product","link":"https:\/\/www.espoirdataraxia.com\/?product=deserts-kiss-diorama","title":{"rendered":"Desert&rsquo;s Kiss &#8211; Tour \u00e0 D\u00e9s"},"content":{"rendered":"<p>Desert&rsquo;s Kiss &#8211; Tour \u00e0 D\u00e9s<\/p>\n<p>Existe en 2 mod\u00e8les avec ou sans l\u2019araign\u00e9e<\/p>\n","protected":false},"excerpt":{"rendered":"<p>Desert&rsquo;s Kiss &#8211; Tour \u00e0 D\u00e9s Existe en 2 mod\u00e8les avec ou sans l\u2019araign\u00e9e<\/p>\n","protected":false},"featured_media":89,"template":"","meta":[],"product_cat":[19],"product_tag":[30,27,28,29],"class_list":{"0":"post-52","1":"product","2":"type-product","3":"status-publish","4":"has-post-thumbnail","6":"product_cat-tour-a-des","7":"product_tag-araigne","8":"product_tag-crane","9":"product_tag-desert","10":"product_tag-kiss","12":"first","13":"instock","14":"shipping-taxable","15":"purchasable","16":"product-type-simple"},"_links":{"self":[{"href":"https:\/\/www.espoirdataraxia.com\/index.php?rest_route=\/wp\/v2\/product\/52","targetHints":{"allow":["GET"]}}],"collection":[{"href":"https:\/\/www.espoirdataraxia.com\/index.php?rest_route=\/wp\/v2\/product"}],"about":[{"href":"https:\/\/www.espoirdataraxia.com\/index.php?rest_route=\/wp\/v2\/types\/product"}],"wp:featuredmedia":[{"embeddable":true,"href":"https:\/\/www.espoirdataraxia.com\/index.php?rest_route=\/wp\/v2\/media\/89"}],"wp:attachment":[{"href":"https:\/\/www.espoirdataraxia.com\/index.php?rest_route=%2Fwp%2Fv2%2Fmedia&parent=52"}],"wp:term":[{"taxonomy":"product_cat","embeddable":true,"href":"https:\/\/www.espoirdataraxia.com\/index.php?rest_route=%2Fwp%2Fv2%2Fproduct_cat&post=52"},{"taxonomy":"product_tag","embeddable":true,"href":"https:\/\/www.espoirdataraxia.com\/index.php?rest_route=%2Fwp%2Fv2%2Fproduct_tag&post=52"}],"curies":[{"name":"wp","href":"https:\/\/api.w.org\/{rel}","templated":true}]}}