{"id":522,"date":"2024-08-21T11:46:43","date_gmt":"2024-08-21T09:46:43","guid":{"rendered":"https:\/\/www.espoirdataraxia.com\/?post_type=product&#038;p=522"},"modified":"2024-08-21T11:47:58","modified_gmt":"2024-08-21T09:47:58","slug":"mimic-boite-a-des","status":"publish","type":"product","link":"https:\/\/www.espoirdataraxia.com\/?product=mimic-boite-a-des","title":{"rendered":"Mimic &#8211; Boite \u00e0 d\u00e9s"},"content":{"rendered":"<p>Boite \u00e0 d\u00e9s Mimic \/ Dice Box Mimic<\/p>\n<p>Le chapeau pr\u00e9sent dans la galerie photo sert uniquement \u00e0 des fins de pr\u00e9sentation visuelle, il n&rsquo;est pas fournis avec la chope ou boite \u00e0 d\u00e9s.<\/p>\n","protected":false},"excerpt":{"rendered":"<p>Boite \u00e0 d\u00e9s Mimic \/ Dice Box Mimic Le chapeau pr\u00e9sent dans la galerie photo sert uniquement \u00e0 des fins de pr\u00e9sentation visuelle, il n&rsquo;est pas fournis avec la chope ou boite \u00e0 d\u00e9s.<\/p>\n","protected":false},"featured_media":511,"template":"","meta":[],"product_cat":[21],"product_tag":[36,37,79],"class_list":{"0":"post-522","1":"product","2":"type-product","3":"status-publish","4":"has-post-thumbnail","6":"product_cat-boite-a-des","7":"product_tag-boite-a-des","8":"product_tag-dice-box","9":"product_tag-mimic","11":"first","12":"instock","13":"shipping-taxable","14":"purchasable","15":"product-type-simple"},"_links":{"self":[{"href":"https:\/\/www.espoirdataraxia.com\/index.php?rest_route=\/wp\/v2\/product\/522","targetHints":{"allow":["GET"]}}],"collection":[{"href":"https:\/\/www.espoirdataraxia.com\/index.php?rest_route=\/wp\/v2\/product"}],"about":[{"href":"https:\/\/www.espoirdataraxia.com\/index.php?rest_route=\/wp\/v2\/types\/product"}],"wp:featuredmedia":[{"embeddable":true,"href":"https:\/\/www.espoirdataraxia.com\/index.php?rest_route=\/wp\/v2\/media\/511"}],"wp:attachment":[{"href":"https:\/\/www.espoirdataraxia.com\/index.php?rest_route=%2Fwp%2Fv2%2Fmedia&parent=522"}],"wp:term":[{"taxonomy":"product_cat","embeddable":true,"href":"https:\/\/www.espoirdataraxia.com\/index.php?rest_route=%2Fwp%2Fv2%2Fproduct_cat&post=522"},{"taxonomy":"product_tag","embeddable":true,"href":"https:\/\/www.espoirdataraxia.com\/index.php?rest_route=%2Fwp%2Fv2%2Fproduct_tag&post=522"}],"curies":[{"name":"wp","href":"https:\/\/api.w.org\/{rel}","templated":true}]}}