{"id":544,"date":"2024-08-21T13:50:33","date_gmt":"2024-08-21T11:50:33","guid":{"rendered":"https:\/\/www.espoirdataraxia.com\/?post_type=product&#038;p=544"},"modified":"2024-08-21T14:50:22","modified_gmt":"2024-08-21T12:50:22","slug":"golem-chapeau","status":"publish","type":"product","link":"https:\/\/www.espoirdataraxia.com\/?product=golem-chapeau","title":{"rendered":"Golem &#8211; Chapeau"},"content":{"rendered":"<p>Chapeau Golem \/ Lid Golem<\/p>\n<p>Existe en 7 mod\u00e8les diff\u00e9rents au choix.<\/p>\n<p>Tous les chapeaux s&rsquo;adaptent sur toutes les chopes &amp; boites \u00e0 d\u00e9s.<\/p>\n","protected":false},"excerpt":{"rendered":"<p>Chapeau Golem \/ Lid Golem Existe en 7 mod\u00e8les diff\u00e9rents au choix. Tous les chapeaux s&rsquo;adaptent sur toutes les chopes &amp; boites \u00e0 d\u00e9s.<\/p>\n","protected":false},"featured_media":546,"template":"","meta":[],"product_cat":[34],"product_tag":[36,35,23,37,107,108,106,22],"class_list":{"0":"post-544","1":"product","2":"type-product","3":"status-publish","4":"has-post-thumbnail","6":"product_cat-chapeau","7":"product_tag-boite-a-des","8":"product_tag-chapeau","9":"product_tag-chope","10":"product_tag-dice-box","11":"product_tag-glim","12":"product_tag-glum","13":"product_tag-golem","14":"product_tag-mug","16":"first","17":"instock","18":"shipping-taxable","19":"purchasable","20":"product-type-simple"},"_links":{"self":[{"href":"https:\/\/www.espoirdataraxia.com\/index.php?rest_route=\/wp\/v2\/product\/544","targetHints":{"allow":["GET"]}}],"collection":[{"href":"https:\/\/www.espoirdataraxia.com\/index.php?rest_route=\/wp\/v2\/product"}],"about":[{"href":"https:\/\/www.espoirdataraxia.com\/index.php?rest_route=\/wp\/v2\/types\/product"}],"wp:featuredmedia":[{"embeddable":true,"href":"https:\/\/www.espoirdataraxia.com\/index.php?rest_route=\/wp\/v2\/media\/546"}],"wp:attachment":[{"href":"https:\/\/www.espoirdataraxia.com\/index.php?rest_route=%2Fwp%2Fv2%2Fmedia&parent=544"}],"wp:term":[{"taxonomy":"product_cat","embeddable":true,"href":"https:\/\/www.espoirdataraxia.com\/index.php?rest_route=%2Fwp%2Fv2%2Fproduct_cat&post=544"},{"taxonomy":"product_tag","embeddable":true,"href":"https:\/\/www.espoirdataraxia.com\/index.php?rest_route=%2Fwp%2Fv2%2Fproduct_tag&post=544"}],"curies":[{"name":"wp","href":"https:\/\/api.w.org\/{rel}","templated":true}]}}