{"id":582,"date":"2024-08-21T15:00:20","date_gmt":"2024-08-21T13:00:20","guid":{"rendered":"https:\/\/www.espoirdataraxia.com\/?post_type=product&#038;p=582"},"modified":"2024-08-21T15:08:23","modified_gmt":"2024-08-21T13:08:23","slug":"crane-dragon-chope","status":"publish","type":"product","link":"https:\/\/www.espoirdataraxia.com\/?product=crane-dragon-chope","title":{"rendered":"Crane Dragon &#8211; Chope"},"content":{"rendered":"<p>Chope Crane Dragon \/ Mug Dragon Skull pour canette de 50cl (ou 33cl avec adaptateur).<\/p>\n<p>Le chapeau pr\u00e9sent dans la galerie photo sert uniquement \u00e0 des fins de pr\u00e9sentation visuelle, il n&rsquo;est pas fournis avec la chope ou boite \u00e0 d\u00e9s.<\/p>\n","protected":false},"excerpt":{"rendered":"<p>Chope Crane Dragon \/ Mug Dragon Skull pour canette de 50cl (ou 33cl avec adaptateur). Le chapeau pr\u00e9sent dans la galerie photo sert uniquement \u00e0 des fins de pr\u00e9sentation visuelle, il n&rsquo;est pas fournis avec la chope ou boite \u00e0 d\u00e9s.<\/p>\n","protected":false},"featured_media":583,"template":"","meta":[],"product_cat":[20],"product_tag":[41,23,27,72,22,113],"class_list":{"0":"post-582","1":"product","2":"type-product","3":"status-publish","4":"has-post-thumbnail","6":"product_cat-chope","7":"product_tag-50cl","8":"product_tag-chope","9":"product_tag-crane","10":"product_tag-dragon","11":"product_tag-mug","12":"product_tag-skull","14":"first","15":"instock","16":"shipping-taxable","17":"purchasable","18":"product-type-simple"},"_links":{"self":[{"href":"https:\/\/www.espoirdataraxia.com\/index.php?rest_route=\/wp\/v2\/product\/582","targetHints":{"allow":["GET"]}}],"collection":[{"href":"https:\/\/www.espoirdataraxia.com\/index.php?rest_route=\/wp\/v2\/product"}],"about":[{"href":"https:\/\/www.espoirdataraxia.com\/index.php?rest_route=\/wp\/v2\/types\/product"}],"wp:featuredmedia":[{"embeddable":true,"href":"https:\/\/www.espoirdataraxia.com\/index.php?rest_route=\/wp\/v2\/media\/583"}],"wp:attachment":[{"href":"https:\/\/www.espoirdataraxia.com\/index.php?rest_route=%2Fwp%2Fv2%2Fmedia&parent=582"}],"wp:term":[{"taxonomy":"product_cat","embeddable":true,"href":"https:\/\/www.espoirdataraxia.com\/index.php?rest_route=%2Fwp%2Fv2%2Fproduct_cat&post=582"},{"taxonomy":"product_tag","embeddable":true,"href":"https:\/\/www.espoirdataraxia.com\/index.php?rest_route=%2Fwp%2Fv2%2Fproduct_tag&post=582"}],"curies":[{"name":"wp","href":"https:\/\/api.w.org\/{rel}","templated":true}]}}