{"id":604,"date":"2024-08-22T09:01:01","date_gmt":"2024-08-22T07:01:01","guid":{"rendered":"https:\/\/www.espoirdataraxia.com\/?post_type=product&#038;p=604"},"modified":"2024-08-22T09:06:46","modified_gmt":"2024-08-22T07:06:46","slug":"pain-depices-chope","status":"publish","type":"product","link":"https:\/\/www.espoirdataraxia.com\/?product=pain-depices-chope","title":{"rendered":"Pain d&rsquo;\u00e9pices &#8211; Chope"},"content":{"rendered":"<p>Chope Pain d&rsquo;\u00e9pices\/ Mug Gingerbread Tavern pour canette de 50cl (ou 33cl avec adaptateur).<\/p>\n<p>Le chapeau pr\u00e9sent dans la galerie photo sert uniquement \u00e0 des fins de pr\u00e9sentation visuelle, il n&rsquo;est pas fournis avec la chope ou boite \u00e0 d\u00e9s.<\/p>\n","protected":false},"excerpt":{"rendered":"<p>Chope Pain d&rsquo;\u00e9pices\/ Mug Gingerbread Tavern pour canette de 50cl (ou 33cl avec adaptateur). Le chapeau pr\u00e9sent dans la galerie photo sert uniquement \u00e0 des fins de pr\u00e9sentation visuelle, il n&rsquo;est pas fournis avec la chope ou boite \u00e0 d\u00e9s.<\/p>\n","protected":false},"featured_media":610,"template":"","meta":[],"product_cat":[20],"product_tag":[41,23,114,115,22,116,109,110],"class_list":{"0":"post-604","1":"product","2":"type-product","3":"status-publish","4":"has-post-thumbnail","6":"product_cat-chope","7":"product_tag-50cl","8":"product_tag-chope","9":"product_tag-confiserie","10":"product_tag-gingerbread","11":"product_tag-mug","12":"product_tag-pain-depices","13":"product_tag-tavern","14":"product_tag-taverne","16":"first","17":"instock","18":"shipping-taxable","19":"purchasable","20":"product-type-simple"},"_links":{"self":[{"href":"https:\/\/www.espoirdataraxia.com\/index.php?rest_route=\/wp\/v2\/product\/604","targetHints":{"allow":["GET"]}}],"collection":[{"href":"https:\/\/www.espoirdataraxia.com\/index.php?rest_route=\/wp\/v2\/product"}],"about":[{"href":"https:\/\/www.espoirdataraxia.com\/index.php?rest_route=\/wp\/v2\/types\/product"}],"wp:featuredmedia":[{"embeddable":true,"href":"https:\/\/www.espoirdataraxia.com\/index.php?rest_route=\/wp\/v2\/media\/610"}],"wp:attachment":[{"href":"https:\/\/www.espoirdataraxia.com\/index.php?rest_route=%2Fwp%2Fv2%2Fmedia&parent=604"}],"wp:term":[{"taxonomy":"product_cat","embeddable":true,"href":"https:\/\/www.espoirdataraxia.com\/index.php?rest_route=%2Fwp%2Fv2%2Fproduct_cat&post=604"},{"taxonomy":"product_tag","embeddable":true,"href":"https:\/\/www.espoirdataraxia.com\/index.php?rest_route=%2Fwp%2Fv2%2Fproduct_tag&post=604"}],"curies":[{"name":"wp","href":"https:\/\/api.w.org\/{rel}","templated":true}]}}