{"id":655,"date":"2024-08-22T10:05:34","date_gmt":"2024-08-22T08:05:34","guid":{"rendered":"https:\/\/www.espoirdataraxia.com\/?post_type=product&#038;p=655"},"modified":"2024-08-22T10:07:08","modified_gmt":"2024-08-22T08:07:08","slug":"crane-orc-boite-a-des","status":"publish","type":"product","link":"https:\/\/www.espoirdataraxia.com\/?product=crane-orc-boite-a-des","title":{"rendered":"Crane Orc &#8211; Boite \u00e0 d\u00e9s"},"content":{"rendered":"<p>Boite \u00e0 d\u00e9s Crane Orc \/ Dice Box Orc Skull<\/p>\n<p>Le chapeau pr\u00e9sent dans la galerie photo sert uniquement \u00e0 des fins de pr\u00e9sentation visuelle, il n&rsquo;est pas fournis avec la chope ou boite \u00e0 d\u00e9s.<\/p>\n","protected":false},"excerpt":{"rendered":"<p>Boite \u00e0 d\u00e9s Crane Orc \/ Dice Box Orc Skull Le chapeau pr\u00e9sent dans la galerie photo sert uniquement \u00e0 des fins de pr\u00e9sentation visuelle, il n&rsquo;est pas fournis avec la chope ou boite \u00e0 d\u00e9s.<\/p>\n","protected":false},"featured_media":645,"template":"","meta":[],"product_cat":[21],"product_tag":[36,27,37,124,113],"class_list":{"0":"post-655","1":"product","2":"type-product","3":"status-publish","4":"has-post-thumbnail","6":"product_cat-boite-a-des","7":"product_tag-boite-a-des","8":"product_tag-crane","9":"product_tag-dice-box","10":"product_tag-orc","11":"product_tag-skull","13":"first","14":"instock","15":"shipping-taxable","16":"purchasable","17":"product-type-simple"},"_links":{"self":[{"href":"https:\/\/www.espoirdataraxia.com\/index.php?rest_route=\/wp\/v2\/product\/655","targetHints":{"allow":["GET"]}}],"collection":[{"href":"https:\/\/www.espoirdataraxia.com\/index.php?rest_route=\/wp\/v2\/product"}],"about":[{"href":"https:\/\/www.espoirdataraxia.com\/index.php?rest_route=\/wp\/v2\/types\/product"}],"wp:featuredmedia":[{"embeddable":true,"href":"https:\/\/www.espoirdataraxia.com\/index.php?rest_route=\/wp\/v2\/media\/645"}],"wp:attachment":[{"href":"https:\/\/www.espoirdataraxia.com\/index.php?rest_route=%2Fwp%2Fv2%2Fmedia&parent=655"}],"wp:term":[{"taxonomy":"product_cat","embeddable":true,"href":"https:\/\/www.espoirdataraxia.com\/index.php?rest_route=%2Fwp%2Fv2%2Fproduct_cat&post=655"},{"taxonomy":"product_tag","embeddable":true,"href":"https:\/\/www.espoirdataraxia.com\/index.php?rest_route=%2Fwp%2Fv2%2Fproduct_tag&post=655"}],"curies":[{"name":"wp","href":"https:\/\/api.w.org\/{rel}","templated":true}]}}