{"id":677,"date":"2024-08-22T15:43:19","date_gmt":"2024-08-22T13:43:19","guid":{"rendered":"https:\/\/www.espoirdataraxia.com\/?post_type=product&#038;p=677"},"modified":"2024-08-22T16:01:10","modified_gmt":"2024-08-22T14:01:10","slug":"mini-insert-chope-tour-a-des","status":"publish","type":"product","link":"https:\/\/www.espoirdataraxia.com\/?product=mini-insert-chope-tour-a-des","title":{"rendered":"Mini Insert Chope &#8211; Tour \u00e0 D\u00e9s"},"content":{"rendered":"<p>Mini Tour \u00e0 D\u00e9s insert pour Chope \/ Mug Dice Tower<\/p>\n<p>Le diam\u00e8tre de la tour \u00e0 d\u00e9s lui permet de s&rsquo;ins\u00e9rer \u00e0 la perfection dans toute les chopes.<\/p>\n<p>Existe en 2 mod\u00e8les : Classique ou Mini<\/p>\n","protected":false},"excerpt":{"rendered":"<p>Mini Tour \u00e0 D\u00e9s insert pour Chope \/ Mug Dice Tower Le diam\u00e8tre de la tour \u00e0 d\u00e9s lui permet de s&rsquo;ins\u00e9rer \u00e0 la perfection dans toute les chopes. Existe en 2 mod\u00e8les : Classique ou Mini<\/p>\n","protected":false},"featured_media":670,"template":"","meta":[],"product_cat":[19],"product_tag":[23,128,129,22,127],"class_list":{"0":"post-677","1":"product","2":"type-product","3":"status-publish","4":"has-post-thumbnail","6":"product_cat-tour-a-des","7":"product_tag-chope","8":"product_tag-dice-tower","9":"product_tag-insert","10":"product_tag-mug","11":"product_tag-tour-a-des","13":"first","14":"instock","15":"shipping-taxable","16":"purchasable","17":"product-type-simple"},"_links":{"self":[{"href":"https:\/\/www.espoirdataraxia.com\/index.php?rest_route=\/wp\/v2\/product\/677","targetHints":{"allow":["GET"]}}],"collection":[{"href":"https:\/\/www.espoirdataraxia.com\/index.php?rest_route=\/wp\/v2\/product"}],"about":[{"href":"https:\/\/www.espoirdataraxia.com\/index.php?rest_route=\/wp\/v2\/types\/product"}],"wp:featuredmedia":[{"embeddable":true,"href":"https:\/\/www.espoirdataraxia.com\/index.php?rest_route=\/wp\/v2\/media\/670"}],"wp:attachment":[{"href":"https:\/\/www.espoirdataraxia.com\/index.php?rest_route=%2Fwp%2Fv2%2Fmedia&parent=677"}],"wp:term":[{"taxonomy":"product_cat","embeddable":true,"href":"https:\/\/www.espoirdataraxia.com\/index.php?rest_route=%2Fwp%2Fv2%2Fproduct_cat&post=677"},{"taxonomy":"product_tag","embeddable":true,"href":"https:\/\/www.espoirdataraxia.com\/index.php?rest_route=%2Fwp%2Fv2%2Fproduct_tag&post=677"}],"curies":[{"name":"wp","href":"https:\/\/api.w.org\/{rel}","templated":true}]}}