{"id":679,"date":"2024-08-22T15:54:25","date_gmt":"2024-08-22T13:54:25","guid":{"rendered":"https:\/\/www.espoirdataraxia.com\/?post_type=product&#038;p=679"},"modified":"2024-08-22T16:00:10","modified_gmt":"2024-08-22T14:00:10","slug":"crane-dragon-tour-a-des","status":"publish","type":"product","link":"https:\/\/www.espoirdataraxia.com\/?product=crane-dragon-tour-a-des","title":{"rendered":"Crane Dragon &#8211; Tour \u00e0 D\u00e9s"},"content":{"rendered":"<p>Tour \u00e0 D\u00e9s Crane Dragon \/ Dragon Skull Dice Tower<\/p>\n<p>\u00c9norme tour \u00e0 d\u00e9s en 3 modules : L&rsquo;avant du crane, l&rsquo;arri\u00e8re avec la colonne vert\u00e9brale et une paire de corne pouvant faire boite \u00e0 d\u00e9s (~3 \u00e0 4 d\u00e9s par corne)<\/p>\n","protected":false},"excerpt":{"rendered":"<p>Tour \u00e0 D\u00e9s Crane Dragon \/ Dragon Skull Dice Tower \u00c9norme tour \u00e0 d\u00e9s en 3 modules : L&rsquo;avant du crane, l&rsquo;arri\u00e8re avec la colonne vert\u00e9brale et une paire de corne pouvant faire boite \u00e0 d\u00e9s (~3 \u00e0 4 d\u00e9s par corne)<\/p>\n","protected":false},"featured_media":680,"template":"","meta":[],"product_cat":[19],"product_tag":[23,27,128,72,22,113,127],"class_list":{"0":"post-679","1":"product","2":"type-product","3":"status-publish","4":"has-post-thumbnail","6":"product_cat-tour-a-des","7":"product_tag-chope","8":"product_tag-crane","9":"product_tag-dice-tower","10":"product_tag-dragon","11":"product_tag-mug","12":"product_tag-skull","13":"product_tag-tour-a-des","15":"first","16":"instock","17":"shipping-taxable","18":"purchasable","19":"product-type-simple"},"_links":{"self":[{"href":"https:\/\/www.espoirdataraxia.com\/index.php?rest_route=\/wp\/v2\/product\/679","targetHints":{"allow":["GET"]}}],"collection":[{"href":"https:\/\/www.espoirdataraxia.com\/index.php?rest_route=\/wp\/v2\/product"}],"about":[{"href":"https:\/\/www.espoirdataraxia.com\/index.php?rest_route=\/wp\/v2\/types\/product"}],"wp:featuredmedia":[{"embeddable":true,"href":"https:\/\/www.espoirdataraxia.com\/index.php?rest_route=\/wp\/v2\/media\/680"}],"wp:attachment":[{"href":"https:\/\/www.espoirdataraxia.com\/index.php?rest_route=%2Fwp%2Fv2%2Fmedia&parent=679"}],"wp:term":[{"taxonomy":"product_cat","embeddable":true,"href":"https:\/\/www.espoirdataraxia.com\/index.php?rest_route=%2Fwp%2Fv2%2Fproduct_cat&post=679"},{"taxonomy":"product_tag","embeddable":true,"href":"https:\/\/www.espoirdataraxia.com\/index.php?rest_route=%2Fwp%2Fv2%2Fproduct_tag&post=679"}],"curies":[{"name":"wp","href":"https:\/\/api.w.org\/{rel}","templated":true}]}}