{"id":689,"date":"2024-08-22T16:01:46","date_gmt":"2024-08-22T14:01:46","guid":{"rendered":"https:\/\/www.espoirdataraxia.com\/?post_type=product&#038;p=689"},"modified":"2024-08-22T16:04:40","modified_gmt":"2024-08-22T14:04:40","slug":"pain-depices-tour-a-des","status":"publish","type":"product","link":"https:\/\/www.espoirdataraxia.com\/?product=pain-depices-tour-a-des","title":{"rendered":"Pain d&rsquo;\u00e9pices &#8211; Tour \u00e0 D\u00e9s"},"content":{"rendered":"<p>Tour \u00e0 D\u00e9s Pain d&rsquo;\u00e9pices \/ Gingerbread Dice Tower<\/p>\n","protected":false},"excerpt":{"rendered":"<p>Tour \u00e0 D\u00e9s Pain d&rsquo;\u00e9pices \/ Gingerbread Dice Tower<\/p>\n","protected":false},"featured_media":691,"template":"","meta":[],"product_cat":[19],"product_tag":[128,115,116,127],"class_list":{"0":"post-689","1":"product","2":"type-product","3":"status-publish","4":"has-post-thumbnail","6":"product_cat-tour-a-des","7":"product_tag-dice-tower","8":"product_tag-gingerbread","9":"product_tag-pain-depices","10":"product_tag-tour-a-des","12":"first","13":"instock","14":"shipping-taxable","15":"purchasable","16":"product-type-simple"},"_links":{"self":[{"href":"https:\/\/www.espoirdataraxia.com\/index.php?rest_route=\/wp\/v2\/product\/689","targetHints":{"allow":["GET"]}}],"collection":[{"href":"https:\/\/www.espoirdataraxia.com\/index.php?rest_route=\/wp\/v2\/product"}],"about":[{"href":"https:\/\/www.espoirdataraxia.com\/index.php?rest_route=\/wp\/v2\/types\/product"}],"wp:featuredmedia":[{"embeddable":true,"href":"https:\/\/www.espoirdataraxia.com\/index.php?rest_route=\/wp\/v2\/media\/691"}],"wp:attachment":[{"href":"https:\/\/www.espoirdataraxia.com\/index.php?rest_route=%2Fwp%2Fv2%2Fmedia&parent=689"}],"wp:term":[{"taxonomy":"product_cat","embeddable":true,"href":"https:\/\/www.espoirdataraxia.com\/index.php?rest_route=%2Fwp%2Fv2%2Fproduct_cat&post=689"},{"taxonomy":"product_tag","embeddable":true,"href":"https:\/\/www.espoirdataraxia.com\/index.php?rest_route=%2Fwp%2Fv2%2Fproduct_tag&post=689"}],"curies":[{"name":"wp","href":"https:\/\/api.w.org\/{rel}","templated":true}]}}