{"id":695,"date":"2024-08-22T16:05:46","date_gmt":"2024-08-22T14:05:46","guid":{"rendered":"https:\/\/www.espoirdataraxia.com\/?post_type=product&#038;p=695"},"modified":"2024-08-22T16:07:28","modified_gmt":"2024-08-22T14:07:28","slug":"mimic-tour-a-des","status":"publish","type":"product","link":"https:\/\/www.espoirdataraxia.com\/?product=mimic-tour-a-des","title":{"rendered":"Mimic &#8211; Tour \u00e0 D\u00e9s"},"content":{"rendered":"<p>Tour \u00e0 D\u00e9s Mimic \/ Mimic Dice Tower<\/p>\n","protected":false},"excerpt":{"rendered":"<p>Tour \u00e0 D\u00e9s Mimic \/ Mimic Dice Tower<\/p>\n","protected":false},"featured_media":696,"template":"","meta":[],"product_cat":[19],"product_tag":[128,79,127],"class_list":{"0":"post-695","1":"product","2":"type-product","3":"status-publish","4":"has-post-thumbnail","6":"product_cat-tour-a-des","7":"product_tag-dice-tower","8":"product_tag-mimic","9":"product_tag-tour-a-des","11":"first","12":"instock","13":"shipping-taxable","14":"purchasable","15":"product-type-simple"},"_links":{"self":[{"href":"https:\/\/www.espoirdataraxia.com\/index.php?rest_route=\/wp\/v2\/product\/695","targetHints":{"allow":["GET"]}}],"collection":[{"href":"https:\/\/www.espoirdataraxia.com\/index.php?rest_route=\/wp\/v2\/product"}],"about":[{"href":"https:\/\/www.espoirdataraxia.com\/index.php?rest_route=\/wp\/v2\/types\/product"}],"wp:featuredmedia":[{"embeddable":true,"href":"https:\/\/www.espoirdataraxia.com\/index.php?rest_route=\/wp\/v2\/media\/696"}],"wp:attachment":[{"href":"https:\/\/www.espoirdataraxia.com\/index.php?rest_route=%2Fwp%2Fv2%2Fmedia&parent=695"}],"wp:term":[{"taxonomy":"product_cat","embeddable":true,"href":"https:\/\/www.espoirdataraxia.com\/index.php?rest_route=%2Fwp%2Fv2%2Fproduct_cat&post=695"},{"taxonomy":"product_tag","embeddable":true,"href":"https:\/\/www.espoirdataraxia.com\/index.php?rest_route=%2Fwp%2Fv2%2Fproduct_tag&post=695"}],"curies":[{"name":"wp","href":"https:\/\/api.w.org\/{rel}","templated":true}]}}