{"id":717,"date":"2024-08-23T14:38:37","date_gmt":"2024-08-23T12:38:37","guid":{"rendered":"https:\/\/www.espoirdataraxia.com\/?post_type=product&#038;p=717"},"modified":"2024-08-23T14:43:02","modified_gmt":"2024-08-23T12:43:02","slug":"acide-potion","status":"publish","type":"product","link":"https:\/\/www.espoirdataraxia.com\/?product=acide-potion","title":{"rendered":"Acide &#8211; Potion"},"content":{"rendered":"<p>Potion d&rsquo;Acide<\/p>\n<p>Ce flacon est le seul \u00e0 pouvoir contenir un tel liquide issu des innombrables m\u00e9langes alchimiques&#8230;<\/p>\n<p>Toute les potions sont vendues avec leur bouchon. Elles ont toutes une ou deux anses pour les mettre \u00e0 la ceinture ou en bandouli\u00e8re.<\/p>\n<p>Pour certain mod\u00e8le sp\u00e9cifique o\u00f9 l&rsquo;esth\u00e9tique ne s&rsquo;y pr\u00eate pas, l&rsquo;anse est sur le bouchon de la potion.<\/p>\n","protected":false},"excerpt":{"rendered":"<p>Potion d&rsquo;Acide Ce flacon est le seul \u00e0 pouvoir contenir un tel liquide issu des innombrables m\u00e9langes alchimiques&#8230; Toute les potions sont vendues avec leur bouchon. Elles ont toutes une ou deux anses pour les mettre \u00e0 la ceinture ou en bandouli\u00e8re. Pour certain mod\u00e8le sp\u00e9cifique o\u00f9 l&rsquo;esth\u00e9tique ne s&rsquo;y pr\u00eate pas, l&rsquo;anse est sur [&hellip;]<\/p>\n","protected":false},"featured_media":719,"template":"","meta":[],"product_cat":[130],"product_tag":[138,137,27,131],"class_list":{"0":"post-717","1":"product","2":"type-product","3":"status-publish","4":"has-post-thumbnail","6":"product_cat-potion","7":"product_tag-acid","8":"product_tag-acide","9":"product_tag-crane","10":"product_tag-potion","12":"first","13":"instock","14":"shipping-taxable","15":"purchasable","16":"product-type-simple"},"_links":{"self":[{"href":"https:\/\/www.espoirdataraxia.com\/index.php?rest_route=\/wp\/v2\/product\/717","targetHints":{"allow":["GET"]}}],"collection":[{"href":"https:\/\/www.espoirdataraxia.com\/index.php?rest_route=\/wp\/v2\/product"}],"about":[{"href":"https:\/\/www.espoirdataraxia.com\/index.php?rest_route=\/wp\/v2\/types\/product"}],"wp:featuredmedia":[{"embeddable":true,"href":"https:\/\/www.espoirdataraxia.com\/index.php?rest_route=\/wp\/v2\/media\/719"}],"wp:attachment":[{"href":"https:\/\/www.espoirdataraxia.com\/index.php?rest_route=%2Fwp%2Fv2%2Fmedia&parent=717"}],"wp:term":[{"taxonomy":"product_cat","embeddable":true,"href":"https:\/\/www.espoirdataraxia.com\/index.php?rest_route=%2Fwp%2Fv2%2Fproduct_cat&post=717"},{"taxonomy":"product_tag","embeddable":true,"href":"https:\/\/www.espoirdataraxia.com\/index.php?rest_route=%2Fwp%2Fv2%2Fproduct_tag&post=717"}],"curies":[{"name":"wp","href":"https:\/\/api.w.org\/{rel}","templated":true}]}}