{"id":725,"date":"2024-08-23T14:48:17","date_gmt":"2024-08-23T12:48:17","guid":{"rendered":"https:\/\/www.espoirdataraxia.com\/?post_type=product&#038;p=725"},"modified":"2024-08-23T14:54:54","modified_gmt":"2024-08-23T12:54:54","slug":"vol-potion","status":"publish","type":"product","link":"https:\/\/www.espoirdataraxia.com\/?product=vol-potion","title":{"rendered":"Vol &#8211; Potion"},"content":{"rendered":"<p>Potion d&rsquo;envol,<\/p>\n<p>Elle permet de voler dans les airs et non pas de chaparder une besace \u00e9gar\u00e9<\/p>\n<p>* le message est subtil vous l&rsquo;aurez remarqu\u00e9\u00a0 (&gt;_&lt;)<\/p>\n<p>Toute les potions sont vendues avec leur bouchon. Elles ont toutes une ou deux anses pour les mettre \u00e0 la ceinture ou en bandouli\u00e8re.<\/p>\n<p>Pour certain mod\u00e8le sp\u00e9cifique o\u00f9 l&rsquo;esth\u00e9tique ne s&rsquo;y pr\u00eate pas, l&rsquo;anse est sur le bouchon de la potion.<\/p>\n","protected":false},"excerpt":{"rendered":"<p>Potion d&rsquo;envol, Elle permet de voler dans les airs et non pas de chaparder une besace \u00e9gar\u00e9 * le message est subtil vous l&rsquo;aurez remarqu\u00e9\u00a0 (&gt;_&lt;) Toute les potions sont vendues avec leur bouchon. Elles ont toutes une ou deux anses pour les mettre \u00e0 la ceinture ou en bandouli\u00e8re. Pour certain mod\u00e8le sp\u00e9cifique o\u00f9 [&hellip;]<\/p>\n","protected":false},"featured_media":727,"template":"","meta":[],"product_cat":[130],"product_tag":[144,142,131,143],"class_list":{"0":"post-725","1":"product","2":"type-product","3":"status-publish","4":"has-post-thumbnail","6":"product_cat-potion","7":"product_tag-ailes","8":"product_tag-flight","9":"product_tag-potion","10":"product_tag-vol","12":"first","13":"instock","14":"shipping-taxable","15":"purchasable","16":"product-type-simple"},"_links":{"self":[{"href":"https:\/\/www.espoirdataraxia.com\/index.php?rest_route=\/wp\/v2\/product\/725","targetHints":{"allow":["GET"]}}],"collection":[{"href":"https:\/\/www.espoirdataraxia.com\/index.php?rest_route=\/wp\/v2\/product"}],"about":[{"href":"https:\/\/www.espoirdataraxia.com\/index.php?rest_route=\/wp\/v2\/types\/product"}],"wp:featuredmedia":[{"embeddable":true,"href":"https:\/\/www.espoirdataraxia.com\/index.php?rest_route=\/wp\/v2\/media\/727"}],"wp:attachment":[{"href":"https:\/\/www.espoirdataraxia.com\/index.php?rest_route=%2Fwp%2Fv2%2Fmedia&parent=725"}],"wp:term":[{"taxonomy":"product_cat","embeddable":true,"href":"https:\/\/www.espoirdataraxia.com\/index.php?rest_route=%2Fwp%2Fv2%2Fproduct_cat&post=725"},{"taxonomy":"product_tag","embeddable":true,"href":"https:\/\/www.espoirdataraxia.com\/index.php?rest_route=%2Fwp%2Fv2%2Fproduct_tag&post=725"}],"curies":[{"name":"wp","href":"https:\/\/api.w.org\/{rel}","templated":true}]}}