{"id":732,"date":"2024-08-23T14:55:48","date_gmt":"2024-08-23T12:55:48","guid":{"rendered":"https:\/\/www.espoirdataraxia.com\/?post_type=product&#038;p=732"},"modified":"2024-08-23T15:00:04","modified_gmt":"2024-08-23T13:00:04","slug":"heroisme-potion","status":"publish","type":"product","link":"https:\/\/www.espoirdataraxia.com\/?product=heroisme-potion","title":{"rendered":"H\u00e9roisme &#8211; Potion"},"content":{"rendered":"<p>La Potion d&rsquo;H\u00e9roisme<\/p>\n<p>La potion de ceux qui en veulent plus ! Plus fort, plus costaud, plus glorieux, l&rsquo;adjectif de votre choix mais en PLUS-mieux-tout plein, d\u00e8s la 1ere gorg\u00e9e !<\/p>\n<p>Toute les potions sont vendues avec leur bouchon. Elles ont toutes une ou deux anses pour les mettre \u00e0 la ceinture ou en bandouli\u00e8re.<\/p>\n<p>Pour certain mod\u00e8le sp\u00e9cifique o\u00f9 l&rsquo;esth\u00e9tique ne s&rsquo;y pr\u00eate pas, l&rsquo;anse est sur le bouchon de la potion.<\/p>\n","protected":false},"excerpt":{"rendered":"<p>La Potion d&rsquo;H\u00e9roisme La potion de ceux qui en veulent plus ! Plus fort, plus costaud, plus glorieux, l&rsquo;adjectif de votre choix mais en PLUS-mieux-tout plein, d\u00e8s la 1ere gorg\u00e9e ! Toute les potions sont vendues avec leur bouchon. Elles ont toutes une ou deux anses pour les mettre \u00e0 la ceinture ou en bandouli\u00e8re. [&hellip;]<\/p>\n","protected":false},"featured_media":735,"template":"","meta":[],"product_cat":[130],"product_tag":[148,145,147,146,131],"class_list":{"0":"post-732","1":"product","2":"type-product","3":"status-publish","4":"has-post-thumbnail","6":"product_cat-potion","7":"product_tag-armure","8":"product_tag-casque","9":"product_tag-heroism","10":"product_tag-heroisme","11":"product_tag-potion","13":"first","14":"instock","15":"shipping-taxable","16":"purchasable","17":"product-type-simple"},"_links":{"self":[{"href":"https:\/\/www.espoirdataraxia.com\/index.php?rest_route=\/wp\/v2\/product\/732","targetHints":{"allow":["GET"]}}],"collection":[{"href":"https:\/\/www.espoirdataraxia.com\/index.php?rest_route=\/wp\/v2\/product"}],"about":[{"href":"https:\/\/www.espoirdataraxia.com\/index.php?rest_route=\/wp\/v2\/types\/product"}],"wp:featuredmedia":[{"embeddable":true,"href":"https:\/\/www.espoirdataraxia.com\/index.php?rest_route=\/wp\/v2\/media\/735"}],"wp:attachment":[{"href":"https:\/\/www.espoirdataraxia.com\/index.php?rest_route=%2Fwp%2Fv2%2Fmedia&parent=732"}],"wp:term":[{"taxonomy":"product_cat","embeddable":true,"href":"https:\/\/www.espoirdataraxia.com\/index.php?rest_route=%2Fwp%2Fv2%2Fproduct_cat&post=732"},{"taxonomy":"product_tag","embeddable":true,"href":"https:\/\/www.espoirdataraxia.com\/index.php?rest_route=%2Fwp%2Fv2%2Fproduct_tag&post=732"}],"curies":[{"name":"wp","href":"https:\/\/api.w.org\/{rel}","templated":true}]}}