{"id":744,"date":"2024-08-23T15:12:02","date_gmt":"2024-08-23T13:12:02","guid":{"rendered":"https:\/\/www.espoirdataraxia.com\/?post_type=product&#038;p=744"},"modified":"2024-08-23T15:26:46","modified_gmt":"2024-08-23T13:26:46","slug":"pattes-daraignee-potion","status":"publish","type":"product","link":"https:\/\/www.espoirdataraxia.com\/?product=pattes-daraignee-potion","title":{"rendered":"Pattes d&rsquo;araign\u00e9e &#8211; Potion"},"content":{"rendered":"<p>Potion de pattes d&rsquo;araign\u00e9e<\/p>\n<p>M\u00eame si elle permet de marcher sur les murs et au plafond, la l\u00e9gende raconte qu&rsquo;en fredonnant un air en particulier un effet cach\u00e9 peut se d\u00e9clencher&#8230;<\/p>\n<h5>Pour l&rsquo;achat de cette potion dans ma boutique, un petit parchemin avec les paroles d&rsquo;une chanson vous sera fournit \ud83d\ude09<\/h5>\n<p>Toute les potions sont vendues avec leur bouchon. Elles ont toutes une ou deux anses pour les mettre \u00e0 la ceinture ou en bandouli\u00e8re.<\/p>\n<p>Pour certain mod\u00e8le sp\u00e9cifique o\u00f9 l&rsquo;esth\u00e9tique ne s&rsquo;y pr\u00eate pas, l&rsquo;anse est sur le bouchon de la potion.<\/p>\n","protected":false},"excerpt":{"rendered":"<p>Potion de pattes d&rsquo;araign\u00e9e M\u00eame si elle permet de marcher sur les murs et au plafond, la l\u00e9gende raconte qu&rsquo;en fredonnant un air en particulier un effet cach\u00e9 peut se d\u00e9clencher&#8230; Pour l&rsquo;achat de cette potion dans ma boutique, un petit parchemin avec les paroles d&rsquo;une chanson vous sera fournit \ud83d\ude09 Toute les potions sont [&hellip;]<\/p>\n","protected":false},"featured_media":747,"template":"","meta":[],"product_cat":[130],"product_tag":[30,156,155,131,154],"class_list":{"0":"post-744","1":"product","2":"type-product","3":"status-publish","4":"has-post-thumbnail","6":"product_cat-potion","7":"product_tag-araigne","8":"product_tag-climb","9":"product_tag-pattes","10":"product_tag-potion","11":"product_tag-spider","13":"first","14":"instock","15":"shipping-taxable","16":"purchasable","17":"product-type-simple"},"_links":{"self":[{"href":"https:\/\/www.espoirdataraxia.com\/index.php?rest_route=\/wp\/v2\/product\/744","targetHints":{"allow":["GET"]}}],"collection":[{"href":"https:\/\/www.espoirdataraxia.com\/index.php?rest_route=\/wp\/v2\/product"}],"about":[{"href":"https:\/\/www.espoirdataraxia.com\/index.php?rest_route=\/wp\/v2\/types\/product"}],"wp:featuredmedia":[{"embeddable":true,"href":"https:\/\/www.espoirdataraxia.com\/index.php?rest_route=\/wp\/v2\/media\/747"}],"wp:attachment":[{"href":"https:\/\/www.espoirdataraxia.com\/index.php?rest_route=%2Fwp%2Fv2%2Fmedia&parent=744"}],"wp:term":[{"taxonomy":"product_cat","embeddable":true,"href":"https:\/\/www.espoirdataraxia.com\/index.php?rest_route=%2Fwp%2Fv2%2Fproduct_cat&post=744"},{"taxonomy":"product_tag","embeddable":true,"href":"https:\/\/www.espoirdataraxia.com\/index.php?rest_route=%2Fwp%2Fv2%2Fproduct_tag&post=744"}],"curies":[{"name":"wp","href":"https:\/\/api.w.org\/{rel}","templated":true}]}}