{"id":750,"date":"2024-08-23T15:17:32","date_gmt":"2024-08-23T13:17:32","guid":{"rendered":"https:\/\/www.espoirdataraxia.com\/?post_type=product&#038;p=750"},"modified":"2024-08-23T15:21:20","modified_gmt":"2024-08-23T13:21:20","slug":"souhait-potion","status":"publish","type":"product","link":"https:\/\/www.espoirdataraxia.com\/?product=souhait-potion","title":{"rendered":"Souhait &#8211; Potion"},"content":{"rendered":"<p>Potion de souhait \/ La Wish potion<\/p>\n<p>Tous les souhaits ne sont pas \u00e0 r\u00e9aliser&#8230; Il faut un minimum en sagesse pour r\u00e9ussir \u00e0 ouvrir la potion.<\/p>\n<p>Toute les potions sont vendues avec leur bouchon. Elles ont toutes une ou deux anses pour les mettre \u00e0 la ceinture ou en bandouli\u00e8re.<\/p>\n<p>Pour certain mod\u00e8le sp\u00e9cifique o\u00f9 l&rsquo;esth\u00e9tique ne s&rsquo;y pr\u00eate pas, l&rsquo;anse est sur le bouchon de la potion.<\/p>\n","protected":false},"excerpt":{"rendered":"<p>Potion de souhait \/ La Wish potion Tous les souhaits ne sont pas \u00e0 r\u00e9aliser&#8230; Il faut un minimum en sagesse pour r\u00e9ussir \u00e0 ouvrir la potion. Toute les potions sont vendues avec leur bouchon. Elles ont toutes une ou deux anses pour les mettre \u00e0 la ceinture ou en bandouli\u00e8re. Pour certain mod\u00e8le sp\u00e9cifique [&hellip;]<\/p>\n","protected":false},"featured_media":753,"template":"","meta":[],"product_cat":[130],"product_tag":[131,157,158],"class_list":{"0":"post-750","1":"product","2":"type-product","3":"status-publish","4":"has-post-thumbnail","6":"product_cat-potion","7":"product_tag-potion","8":"product_tag-souhait","9":"product_tag-wish","11":"first","12":"instock","13":"shipping-taxable","14":"purchasable","15":"product-type-simple"},"_links":{"self":[{"href":"https:\/\/www.espoirdataraxia.com\/index.php?rest_route=\/wp\/v2\/product\/750","targetHints":{"allow":["GET"]}}],"collection":[{"href":"https:\/\/www.espoirdataraxia.com\/index.php?rest_route=\/wp\/v2\/product"}],"about":[{"href":"https:\/\/www.espoirdataraxia.com\/index.php?rest_route=\/wp\/v2\/types\/product"}],"wp:featuredmedia":[{"embeddable":true,"href":"https:\/\/www.espoirdataraxia.com\/index.php?rest_route=\/wp\/v2\/media\/753"}],"wp:attachment":[{"href":"https:\/\/www.espoirdataraxia.com\/index.php?rest_route=%2Fwp%2Fv2%2Fmedia&parent=750"}],"wp:term":[{"taxonomy":"product_cat","embeddable":true,"href":"https:\/\/www.espoirdataraxia.com\/index.php?rest_route=%2Fwp%2Fv2%2Fproduct_cat&post=750"},{"taxonomy":"product_tag","embeddable":true,"href":"https:\/\/www.espoirdataraxia.com\/index.php?rest_route=%2Fwp%2Fv2%2Fproduct_tag&post=750"}],"curies":[{"name":"wp","href":"https:\/\/api.w.org\/{rel}","templated":true}]}}