{"id":756,"date":"2024-08-23T15:32:05","date_gmt":"2024-08-23T13:32:05","guid":{"rendered":"https:\/\/www.espoirdataraxia.com\/?post_type=product&#038;p=756"},"modified":"2024-08-23T15:42:58","modified_gmt":"2024-08-23T13:42:58","slug":"poison-potion","status":"publish","type":"product","link":"https:\/\/www.espoirdataraxia.com\/?product=poison-potion","title":{"rendered":"Poison &#8211; Potion"},"content":{"rendered":"<p>Potion de poison<\/p>\n<p>A ne surtout pas confondre avec la potion d&rsquo;acide \ud83d\ude09<\/p>\n<p>Cette potion aura raison de tout \u00eatre vous ayant offens\u00e9<\/p>\n<p>Toute les potions sont vendues avec leur bouchon. Elles ont toutes une ou deux anses pour les mettre \u00e0 la ceinture ou en bandouli\u00e8re.<\/p>\n<p>Pour certain mod\u00e8le sp\u00e9cifique o\u00f9 l&rsquo;esth\u00e9tique ne s&rsquo;y pr\u00eate pas, l&rsquo;anse est sur le bouchon de la potion.<\/p>\n","protected":false},"excerpt":{"rendered":"<p>Potion de poison A ne surtout pas confondre avec la potion d&rsquo;acide \ud83d\ude09 Cette potion aura raison de tout \u00eatre vous ayant offens\u00e9 Toute les potions sont vendues avec leur bouchon. Elles ont toutes une ou deux anses pour les mettre \u00e0 la ceinture ou en bandouli\u00e8re. Pour certain mod\u00e8le sp\u00e9cifique o\u00f9 l&rsquo;esth\u00e9tique ne s&rsquo;y [&hellip;]<\/p>\n","protected":false},"featured_media":759,"template":"","meta":[],"product_cat":[130],"product_tag":[27,159,131],"class_list":{"0":"post-756","1":"product","2":"type-product","3":"status-publish","4":"has-post-thumbnail","6":"product_cat-potion","7":"product_tag-crane","8":"product_tag-poison","9":"product_tag-potion","11":"first","12":"instock","13":"shipping-taxable","14":"purchasable","15":"product-type-simple"},"_links":{"self":[{"href":"https:\/\/www.espoirdataraxia.com\/index.php?rest_route=\/wp\/v2\/product\/756","targetHints":{"allow":["GET"]}}],"collection":[{"href":"https:\/\/www.espoirdataraxia.com\/index.php?rest_route=\/wp\/v2\/product"}],"about":[{"href":"https:\/\/www.espoirdataraxia.com\/index.php?rest_route=\/wp\/v2\/types\/product"}],"wp:featuredmedia":[{"embeddable":true,"href":"https:\/\/www.espoirdataraxia.com\/index.php?rest_route=\/wp\/v2\/media\/759"}],"wp:attachment":[{"href":"https:\/\/www.espoirdataraxia.com\/index.php?rest_route=%2Fwp%2Fv2%2Fmedia&parent=756"}],"wp:term":[{"taxonomy":"product_cat","embeddable":true,"href":"https:\/\/www.espoirdataraxia.com\/index.php?rest_route=%2Fwp%2Fv2%2Fproduct_cat&post=756"},{"taxonomy":"product_tag","embeddable":true,"href":"https:\/\/www.espoirdataraxia.com\/index.php?rest_route=%2Fwp%2Fv2%2Fproduct_tag&post=756"}],"curies":[{"name":"wp","href":"https:\/\/api.w.org\/{rel}","templated":true}]}}