{"id":77,"date":"2024-08-08T21:14:24","date_gmt":"2024-08-08T19:14:24","guid":{"rendered":"https:\/\/www.espoirdataraxia.com\/?post_type=product&#038;p=77"},"modified":"2024-08-10T15:45:39","modified_gmt":"2024-08-10T13:45:39","slug":"artificier","status":"publish","type":"product","link":"https:\/\/www.espoirdataraxia.com\/?product=artificier","title":{"rendered":"Artificier &#8211; Chope"},"content":{"rendered":"<p>Chope Artificier pour canette de 50cl (ou 33cl avec adaptateur).<\/p>\n<p>Le chapeau pr\u00e9sent dans la galerie photo sert uniquement \u00e0 des fins de pr\u00e9sentation visuelle, il n&rsquo;est pas fournis avec la chope ou boite \u00e0 d\u00e9s.<\/p>\n<p>Options possible :<\/p>\n<ul>\n<li>Chapeau Artificier classic<\/li>\n<li>Chapeau Artificier Empilable \/ Dock permettant d&rsquo;utiliser la boite \u00e0 d\u00e9s \u00ab\u00a0Automaton\u00a0\u00bb en socle.<\/li>\n<\/ul>\n","protected":false},"excerpt":{"rendered":"<p>Chope Artificier pour canette de 50cl (ou 33cl avec adaptateur). Le chapeau pr\u00e9sent dans la galerie photo sert uniquement \u00e0 des fins de pr\u00e9sentation visuelle, il n&rsquo;est pas fournis avec la chope ou boite \u00e0 d\u00e9s. Options possible : Chapeau Artificier classic Chapeau Artificier Empilable \/ Dock permettant d&rsquo;utiliser la boite \u00e0 d\u00e9s \u00ab\u00a0Automaton\u00a0\u00bb en [&hellip;]<\/p>\n","protected":false},"featured_media":78,"template":"","meta":[],"product_cat":[20],"product_tag":[41,26,23,22],"class_list":{"0":"post-77","1":"product","2":"type-product","3":"status-publish","4":"has-post-thumbnail","6":"product_cat-chope","7":"product_tag-50cl","8":"product_tag-artificier","9":"product_tag-chope","10":"product_tag-mug","12":"first","13":"instock","14":"shipping-taxable","15":"purchasable","16":"product-type-simple"},"_links":{"self":[{"href":"https:\/\/www.espoirdataraxia.com\/index.php?rest_route=\/wp\/v2\/product\/77","targetHints":{"allow":["GET"]}}],"collection":[{"href":"https:\/\/www.espoirdataraxia.com\/index.php?rest_route=\/wp\/v2\/product"}],"about":[{"href":"https:\/\/www.espoirdataraxia.com\/index.php?rest_route=\/wp\/v2\/types\/product"}],"wp:featuredmedia":[{"embeddable":true,"href":"https:\/\/www.espoirdataraxia.com\/index.php?rest_route=\/wp\/v2\/media\/78"}],"wp:attachment":[{"href":"https:\/\/www.espoirdataraxia.com\/index.php?rest_route=%2Fwp%2Fv2%2Fmedia&parent=77"}],"wp:term":[{"taxonomy":"product_cat","embeddable":true,"href":"https:\/\/www.espoirdataraxia.com\/index.php?rest_route=%2Fwp%2Fv2%2Fproduct_cat&post=77"},{"taxonomy":"product_tag","embeddable":true,"href":"https:\/\/www.espoirdataraxia.com\/index.php?rest_route=%2Fwp%2Fv2%2Fproduct_tag&post=77"}],"curies":[{"name":"wp","href":"https:\/\/api.w.org\/{rel}","templated":true}]}}