{"id":96,"date":"2024-08-08T22:04:00","date_gmt":"2024-08-08T20:04:00","guid":{"rendered":"https:\/\/www.espoirdataraxia.com\/?post_type=product&#038;p=96"},"modified":"2024-08-10T18:27:52","modified_gmt":"2024-08-10T16:27:52","slug":"pretre-cleric","status":"publish","type":"product","link":"https:\/\/www.espoirdataraxia.com\/?product=pretre-cleric","title":{"rendered":"Pr\u00eatre\/Cleric &#8211; Chope"},"content":{"rendered":"<p>Chope Pr\u00eatre \/ Cleric pour canette de 50cl (ou 33cl avec adaptateur).<\/p>\n<p>La partie \u00ab\u00a0couvercle\u00a0\u00bb en forme de d\u00f4me est inclut et fait partie de la chope.<\/p>\n<p>C&rsquo;est le chapeau qui se \u00ab\u00a0visse\u00a0\u00bb dans la chope qui est en option sur ce mod\u00e8le.<\/p>\n<p>Le chapeau pr\u00e9sent dans la galerie photo sert uniquement \u00e0 des fins de pr\u00e9sentation visuelle, il n&rsquo;est pas fournis avec la chope.<\/p>\n","protected":false},"excerpt":{"rendered":"<p>Chope Pr\u00eatre \/ Cleric pour canette de 50cl (ou 33cl avec adaptateur). La partie \u00ab\u00a0couvercle\u00a0\u00bb en forme de d\u00f4me est inclut et fait partie de la chope. C&rsquo;est le chapeau qui se \u00ab\u00a0visse\u00a0\u00bb dans la chope qui est en option sur ce mod\u00e8le. Le chapeau pr\u00e9sent dans la galerie photo sert uniquement \u00e0 des fins [&hellip;]<\/p>\n","protected":false},"featured_media":97,"template":"","meta":[],"product_cat":[20],"product_tag":[41,23,32,22,33],"class_list":{"0":"post-96","1":"product","2":"type-product","3":"status-publish","4":"has-post-thumbnail","6":"product_cat-chope","7":"product_tag-50cl","8":"product_tag-chope","9":"product_tag-cleric","10":"product_tag-mug","11":"product_tag-pretre","13":"first","14":"instock","15":"shipping-taxable","16":"purchasable","17":"product-type-simple"},"_links":{"self":[{"href":"https:\/\/www.espoirdataraxia.com\/index.php?rest_route=\/wp\/v2\/product\/96","targetHints":{"allow":["GET"]}}],"collection":[{"href":"https:\/\/www.espoirdataraxia.com\/index.php?rest_route=\/wp\/v2\/product"}],"about":[{"href":"https:\/\/www.espoirdataraxia.com\/index.php?rest_route=\/wp\/v2\/types\/product"}],"wp:featuredmedia":[{"embeddable":true,"href":"https:\/\/www.espoirdataraxia.com\/index.php?rest_route=\/wp\/v2\/media\/97"}],"wp:attachment":[{"href":"https:\/\/www.espoirdataraxia.com\/index.php?rest_route=%2Fwp%2Fv2%2Fmedia&parent=96"}],"wp:term":[{"taxonomy":"product_cat","embeddable":true,"href":"https:\/\/www.espoirdataraxia.com\/index.php?rest_route=%2Fwp%2Fv2%2Fproduct_cat&post=96"},{"taxonomy":"product_tag","embeddable":true,"href":"https:\/\/www.espoirdataraxia.com\/index.php?rest_route=%2Fwp%2Fv2%2Fproduct_tag&post=96"}],"curies":[{"name":"wp","href":"https:\/\/api.w.org\/{rel}","templated":true}]}}